{"id":98,"date":"2019-08-09T10:34:49","date_gmt":"2019-08-09T10:34:49","guid":{"rendered":"https:\/\/demo.themeisle.com\/neve-creative-portfolio\/?page_id=5"},"modified":"2025-09-02T13:50:02","modified_gmt":"2025-09-02T13:50:02","slug":"54dfd-home","status":"publish","type":"page","link":"https:\/\/www.estudioben.com\/web\/","title":{"rendered":"Inicio"},"content":{"rendered":"\t\t<div data-elementor-type=\"wp-post\" data-elementor-id=\"98\" class=\"elementor elementor-98\" data-elementor-post-type=\"page\">\n\t\t\t\t\t\t<section class=\"elementor-section elementor-top-section elementor-element elementor-element-572619b elementor-section-height-min-height elementor-section-stretched elementor-section-full_width elementor-reverse-mobile elementor-section-height-default elementor-section-items-middle\" data-id=\"572619b\" data-element_type=\"section\" data-e-type=\"section\" data-settings=\"{&quot;background_background&quot;:&quot;slideshow&quot;,&quot;stretch_section&quot;:&quot;section-stretched&quot;,&quot;background_slideshow_gallery&quot;:[{&quot;id&quot;:294,&quot;url&quot;:&quot;https:\\\/\\\/www.estudioben.com\\\/web\\\/wp-content\\\/uploads\\\/2020\\\/06\\\/slide_2-1.jpg&quot;},{&quot;id&quot;:649,&quot;url&quot;:&quot;https:\\\/\\\/www.estudioben.com\\\/web\\\/wp-content\\\/uploads\\\/2022\\\/08\\\/slides_5.jpg&quot;},{&quot;id&quot;:184,&quot;url&quot;:&quot;https:\\\/\\\/www.estudioben.com\\\/web\\\/wp-content\\\/uploads\\\/2020\\\/04\\\/slide2.jpg&quot;},{&quot;id&quot;:1086,&quot;url&quot;:&quot;https:\\\/\\\/www.estudioben.com\\\/web\\\/wp-content\\\/uploads\\\/2024\\\/06\\\/slides_10.jpg&quot;},{&quot;id&quot;:1250,&quot;url&quot;:&quot;https:\\\/\\\/www.estudioben.com\\\/web\\\/wp-content\\\/uploads\\\/2025\\\/04\\\/slides-ruleta.jpg&quot;},{&quot;id&quot;:278,&quot;url&quot;:&quot;https:\\\/\\\/www.estudioben.com\\\/web\\\/wp-content\\\/uploads\\\/2020\\\/06\\\/slide_3.jpg&quot;},{&quot;id&quot;:189,&quot;url&quot;:&quot;https:\\\/\\\/www.estudioben.com\\\/web\\\/wp-content\\\/uploads\\\/2020\\\/04\\\/slide7.jpg&quot;},{&quot;id&quot;:1248,&quot;url&quot;:&quot;https:\\\/\\\/www.estudioben.com\\\/web\\\/wp-content\\\/uploads\\\/2025\\\/04\\\/slides-neon.jpg&quot;},{&quot;id&quot;:188,&quot;url&quot;:&quot;https:\\\/\\\/www.estudioben.com\\\/web\\\/wp-content\\\/uploads\\\/2020\\\/04\\\/slide6.jpg&quot;},{&quot;id&quot;:185,&quot;url&quot;:&quot;https:\\\/\\\/www.estudioben.com\\\/web\\\/wp-content\\\/uploads\\\/2020\\\/04\\\/slide3.jpg&quot;},{&quot;id&quot;:187,&quot;url&quot;:&quot;https:\\\/\\\/www.estudioben.com\\\/web\\\/wp-content\\\/uploads\\\/2020\\\/04\\\/slide5.jpg&quot;},{&quot;id&quot;:648,&quot;url&quot;:&quot;https:\\\/\\\/www.estudioben.com\\\/web\\\/wp-content\\\/uploads\\\/2022\\\/08\\\/slide_4.jpg&quot;},{&quot;id&quot;:1249,&quot;url&quot;:&quot;https:\\\/\\\/www.estudioben.com\\\/web\\\/wp-content\\\/uploads\\\/2025\\\/04\\\/slides-cartel.jpg&quot;}],&quot;background_slideshow_ken_burns&quot;:&quot;yes&quot;,&quot;background_slideshow_slide_duration&quot;:1800,&quot;background_slideshow_transition_duration&quot;:300,&quot;background_slideshow_loop&quot;:&quot;yes&quot;,&quot;background_slideshow_slide_transition&quot;:&quot;fade&quot;,&quot;background_slideshow_ken_burns_zoom_direction&quot;:&quot;in&quot;}\">\n\t\t\t\t\t\t\t<div class=\"elementor-background-overlay\"><\/div>\n\t\t\t\t\t\t\t<div class=\"elementor-container elementor-column-gap-default\">\n\t\t\t\t\t<div class=\"elementor-column elementor-col-100 elementor-top-column elementor-element elementor-element-554cdf4\" data-id=\"554cdf4\" data-element_type=\"column\" data-e-type=\"column\">\n\t\t\t<div class=\"elementor-widget-wrap\">\n\t\t\t\t\t\t\t<\/div>\n\t\t<\/div>\n\t\t\t\t\t<\/div>\n\t\t<\/section>\n\t\t\t\t<section class=\"elementor-section elementor-top-section elementor-element elementor-element-48df9bf elementor-section-full_width elementor-section-content-top elementor-section-stretched elementor-section-height-default elementor-section-height-default\" data-id=\"48df9bf\" data-element_type=\"section\" data-e-type=\"section\" data-settings=\"{&quot;background_background&quot;:&quot;classic&quot;,&quot;stretch_section&quot;:&quot;section-stretched&quot;}\">\n\t\t\t\t\t\t<div class=\"elementor-container elementor-column-gap-default\">\n\t\t\t\t\t<div class=\"elementor-column elementor-col-100 elementor-top-column elementor-element elementor-element-33f9191\" data-id=\"33f9191\" data-element_type=\"column\" data-e-type=\"column\" data-settings=\"{&quot;background_background&quot;:&quot;classic&quot;}\">\n\t\t\t<div class=\"elementor-widget-wrap elementor-element-populated\">\n\t\t\t\t\t\t<section class=\"elementor-section elementor-inner-section elementor-element elementor-element-4f117a6 elementor-section-content-middle elementor-section-boxed elementor-section-height-default elementor-section-height-default elementor-invisible\" data-id=\"4f117a6\" data-element_type=\"section\" data-e-type=\"section\" data-settings=\"{&quot;animation&quot;:&quot;fadeIn&quot;}\">\n\t\t\t\t\t\t<div class=\"elementor-container elementor-column-gap-no\">\n\t\t\t\t\t<div class=\"elementor-column elementor-col-100 elementor-inner-column elementor-element elementor-element-e1f8ad4\" data-id=\"e1f8ad4\" data-element_type=\"column\" data-e-type=\"column\">\n\t\t\t<div class=\"elementor-widget-wrap elementor-element-populated\">\n\t\t\t\t\t\t<div class=\"elementor-element elementor-element-50d9b1d elementor-invisible elementor-widget elementor-widget-heading\" data-id=\"50d9b1d\" data-element_type=\"widget\" data-e-type=\"widget\" data-settings=\"{&quot;_animation&quot;:&quot;zoomIn&quot;,&quot;_animation_delay&quot;:100}\" data-widget_type=\"heading.default\">\n\t\t\t\t<div class=\"elementor-widget-container\">\n\t\t\t\t\t<h5 class=\"elementor-heading-title elementor-size-medium\">Servicio integral para la comunicaci\u00f3n visual <br>de su empresa o evento<\/h5>\t\t\t\t<\/div>\n\t\t\t\t<\/div>\n\t\t\t\t<div class=\"elementor-element elementor-element-925130b elementor-widget-divider--view-line elementor-widget elementor-widget-divider\" data-id=\"925130b\" data-element_type=\"widget\" data-e-type=\"widget\" data-widget_type=\"divider.default\">\n\t\t\t\t<div class=\"elementor-widget-container\">\n\t\t\t\t\t\t\t<div class=\"elementor-divider\">\n\t\t\t<span class=\"elementor-divider-separator\">\n\t\t\t\t\t\t<\/span>\n\t\t<\/div>\n\t\t\t\t\t\t<\/div>\n\t\t\t\t<\/div>\n\t\t\t\t<div class=\"elementor-element elementor-element-521e284 elementor-invisible elementor-widget elementor-widget-heading\" data-id=\"521e284\" data-element_type=\"widget\" data-e-type=\"widget\" data-settings=\"{&quot;_animation&quot;:&quot;slideInRight&quot;,&quot;_animation_delay&quot;:200}\" data-widget_type=\"heading.default\">\n\t\t\t\t<div class=\"elementor-widget-container\">\n\t\t\t\t\t<h5 class=\"elementor-heading-title elementor-size-medium\"><span style=\"font-size: 35px;letter-spacing: 1.2px;text-transform: var(--bodytexttransform)\">Dise\u00f1o y Producci\u00f3n&nbsp;<\/span><span style=\"font-size: 35px;letter-spacing: 1.2px;text-transform: var(--bodytexttransform)\">de materiales gr\u00e1ficos varios.<\/span><\/h5>\t\t\t\t<\/div>\n\t\t\t\t<\/div>\n\t\t\t\t<div class=\"elementor-element elementor-element-6272666 elementor-widget-divider--view-line elementor-widget elementor-widget-divider\" data-id=\"6272666\" data-element_type=\"widget\" data-e-type=\"widget\" data-widget_type=\"divider.default\">\n\t\t\t\t<div class=\"elementor-widget-container\">\n\t\t\t\t\t\t\t<div class=\"elementor-divider\">\n\t\t\t<span class=\"elementor-divider-separator\">\n\t\t\t\t\t\t<\/span>\n\t\t<\/div>\n\t\t\t\t\t\t<\/div>\n\t\t\t\t<\/div>\n\t\t\t\t<div class=\"elementor-element elementor-element-3b3fdc4 elementor-align-center elementor-mobile-align-justify elementor-widget elementor-widget-button\" data-id=\"3b3fdc4\" data-element_type=\"widget\" data-e-type=\"widget\" data-widget_type=\"button.default\">\n\t\t\t\t<div class=\"elementor-widget-container\">\n\t\t\t\t\t\t\t\t\t<div class=\"elementor-button-wrapper\">\n\t\t\t\t\t<a class=\"elementor-button elementor-button-link elementor-size-md elementor-animation-shrink\" href=\"https:\/\/www.estudioben.com\/web\/contacto\/\">\n\t\t\t\t\t\t<span class=\"elementor-button-content-wrapper\">\n\t\t\t\t\t\t\t\t\t<span class=\"elementor-button-text\">Contacto<\/span>\n\t\t\t\t\t<\/span>\n\t\t\t\t\t<\/a>\n\t\t\t\t<\/div>\n\t\t\t\t\t\t\t\t<\/div>\n\t\t\t\t<\/div>\n\t\t\t\t\t<\/div>\n\t\t<\/div>\n\t\t\t\t\t<\/div>\n\t\t<\/section>\n\t\t\t\t\t<\/div>\n\t\t<\/div>\n\t\t\t\t\t<\/div>\n\t\t<\/section>\n\t\t\t\t<section class=\"elementor-section elementor-inner-section elementor-element elementor-element-2295171d elementor-section-height-min-height elementor-section-boxed elementor-section-height-default\" data-id=\"2295171d\" data-element_type=\"section\" data-e-type=\"section\" data-settings=\"{&quot;background_background&quot;:&quot;classic&quot;}\">\n\t\t\t\t\t\t\t<div class=\"elementor-background-overlay\"><\/div>\n\t\t\t\t\t\t\t<div class=\"elementor-container elementor-column-gap-no\">\n\t\t\t\t\t<div class=\"elementor-column elementor-col-100 elementor-inner-column elementor-element elementor-element-598475a\" data-id=\"598475a\" data-element_type=\"column\" data-e-type=\"column\" data-settings=\"{&quot;background_background&quot;:&quot;classic&quot;}\">\n\t\t\t<div class=\"elementor-widget-wrap elementor-element-populated\">\n\t\t\t\t\t\t<div class=\"elementor-element elementor-element-2ed63b80 elementor-widget elementor-widget-heading\" data-id=\"2ed63b80\" data-element_type=\"widget\" data-e-type=\"widget\" data-widget_type=\"heading.default\">\n\t\t\t\t<div class=\"elementor-widget-container\">\n\t\t\t\t\t<span class=\"elementor-heading-title elementor-size-small\">\u00bfEn qu\u00e9 podemos ayudarte?<\/span>\t\t\t\t<\/div>\n\t\t\t\t<\/div>\n\t\t\t\t<div class=\"elementor-element elementor-element-7e04b0a7 elementor-shape-circle elementor-grid-0 e-grid-align-center elementor-widget elementor-widget-social-icons\" data-id=\"7e04b0a7\" data-element_type=\"widget\" data-e-type=\"widget\" data-widget_type=\"social-icons.default\">\n\t\t\t\t<div class=\"elementor-widget-container\">\n\t\t\t\t\t\t\t<div class=\"elementor-social-icons-wrapper elementor-grid\" role=\"list\">\n\t\t\t\t\t\t\t<span class=\"elementor-grid-item\" role=\"listitem\">\n\t\t\t\t\t<a class=\"elementor-icon elementor-social-icon elementor-social-icon-facebook elementor-repeater-item-208047c\" href=\"https:\/\/www.facebook.com\/BenComunicacionVisual\/\" target=\"_blank\">\n\t\t\t\t\t\t<span class=\"elementor-screen-only\">Facebook<\/span>\n\t\t\t\t\t\t<i aria-hidden=\"true\" class=\"fab fa-facebook\"><\/i>\t\t\t\t\t<\/a>\n\t\t\t\t<\/span>\n\t\t\t\t\t\t\t<span class=\"elementor-grid-item\" role=\"listitem\">\n\t\t\t\t\t<a class=\"elementor-icon elementor-social-icon elementor-social-icon-instagram elementor-repeater-item-2a582ff\" href=\"https:\/\/www.instagram.com\/ben_comunicacion_visual\/\" target=\"_blank\">\n\t\t\t\t\t\t<span class=\"elementor-screen-only\">Instagram<\/span>\n\t\t\t\t\t\t<i aria-hidden=\"true\" class=\"fab fa-instagram\"><\/i>\t\t\t\t\t<\/a>\n\t\t\t\t<\/span>\n\t\t\t\t\t\t\t<span class=\"elementor-grid-item\" role=\"listitem\">\n\t\t\t\t\t<a class=\"elementor-icon elementor-social-icon elementor-social-icon-whatsapp elementor-repeater-item-84e4b0e\" href=\"https:\/\/wa.me\/%2095670737\" target=\"_blank\">\n\t\t\t\t\t\t<span class=\"elementor-screen-only\">Whatsapp<\/span>\n\t\t\t\t\t\t<i aria-hidden=\"true\" class=\"fab fa-whatsapp\"><\/i>\t\t\t\t\t<\/a>\n\t\t\t\t<\/span>\n\t\t\t\t\t\t\t<span class=\"elementor-grid-item\" role=\"listitem\">\n\t\t\t\t\t<a class=\"elementor-icon elementor-social-icon elementor-social-icon-envelope elementor-repeater-item-8436942\" href=\"https:\/\/www.estudioben.com\/web\/?page_id=102\" target=\"_blank\">\n\t\t\t\t\t\t<span class=\"elementor-screen-only\">Envelope<\/span>\n\t\t\t\t\t\t<i aria-hidden=\"true\" class=\"fas fa-envelope\"><\/i>\t\t\t\t\t<\/a>\n\t\t\t\t<\/span>\n\t\t\t\t\t<\/div>\n\t\t\t\t\t\t<\/div>\n\t\t\t\t<\/div>\n\t\t\t\t\t<\/div>\n\t\t<\/div>\n\t\t\t\t\t<\/div>\n\t\t<\/section>\n\t\t\t\t<\/div>\n\t\t","protected":false},"excerpt":{"rendered":"<p>Servicio integral para la comunicaci\u00f3n visual de su empresa o evento Dise\u00f1o y Producci\u00f3n&nbsp;de materiales gr\u00e1ficos varios. Contacto \u00bfEn qu\u00e9 podemos ayudarte? Facebook Instagram Whatsapp Envelope<\/p>\n","protected":false},"author":1,"featured_media":0,"parent":0,"menu_order":0,"comment_status":"closed","ping_status":"closed","template":"elementor_header_footer","meta":{"_seopress_robots_primary_cat":"","_seopress_titles_title":"","_seopress_titles_desc":"","_seopress_robots_index":"","footnotes":""},"class_list":["post-98","page","type-page","status-publish","hentry"],"jetpack_sharing_enabled":true,"_links":{"self":[{"href":"https:\/\/www.estudioben.com\/web\/wp-json\/wp\/v2\/pages\/98","targetHints":{"allow":["GET"]}}],"collection":[{"href":"https:\/\/www.estudioben.com\/web\/wp-json\/wp\/v2\/pages"}],"about":[{"href":"https:\/\/www.estudioben.com\/web\/wp-json\/wp\/v2\/types\/page"}],"author":[{"embeddable":true,"href":"https:\/\/www.estudioben.com\/web\/wp-json\/wp\/v2\/users\/1"}],"replies":[{"embeddable":true,"href":"https:\/\/www.estudioben.com\/web\/wp-json\/wp\/v2\/comments?post=98"}],"version-history":[{"count":154,"href":"https:\/\/www.estudioben.com\/web\/wp-json\/wp\/v2\/pages\/98\/revisions"}],"predecessor-version":[{"id":1457,"href":"https:\/\/www.estudioben.com\/web\/wp-json\/wp\/v2\/pages\/98\/revisions\/1457"}],"wp:attachment":[{"href":"https:\/\/www.estudioben.com\/web\/wp-json\/wp\/v2\/media?parent=98"}],"curies":[{"name":"wp","href":"https:\/\/api.w.org\/{rel}","templated":true}]}}