{"id":1394,"date":"2025-08-11T22:36:54","date_gmt":"2025-08-11T22:36:54","guid":{"rendered":"https:\/\/www.estudioben.com\/web\/?page_id=1394"},"modified":"2025-08-11T23:19:45","modified_gmt":"2025-08-11T23:19:45","slug":"servicios","status":"publish","type":"page","link":"https:\/\/www.estudioben.com\/web\/servicios\/","title":{"rendered":"Servicios"},"content":{"rendered":"\t\t<div data-elementor-type=\"wp-page\" data-elementor-id=\"1394\" class=\"elementor elementor-1394\" data-elementor-post-type=\"page\">\n\t\t\t\t\t\t<section class=\"elementor-section elementor-inner-section elementor-element elementor-element-3869fb0e elementor-section-boxed elementor-section-height-default elementor-section-height-default\" data-id=\"3869fb0e\" data-element_type=\"section\" data-e-type=\"section\">\n\t\t\t\t\t\t<div class=\"elementor-container elementor-column-gap-default\">\n\t\t\t\t\t<div class=\"elementor-column elementor-col-33 elementor-inner-column elementor-element elementor-element-77be0db5\" data-id=\"77be0db5\" data-element_type=\"column\" data-e-type=\"column\">\n\t\t\t<div class=\"elementor-widget-wrap elementor-element-populated\">\n\t\t\t\t\t\t<div class=\"elementor-element elementor-element-7ddd9cd1 elementor-widget elementor-widget-image\" data-id=\"7ddd9cd1\" data-element_type=\"widget\" data-e-type=\"widget\" data-widget_type=\"image.default\">\n\t\t\t\t<div class=\"elementor-widget-container\">\n\t\t\t\t\t\t\t\t\t\t\t\t\t\t\t\t<a href=\"https:\/\/www.estudioben.com\/web\/carteleria\">\n\t\t\t\t\t\t\t<img fetchpriority=\"high\" decoding=\"async\" width=\"300\" height=\"300\" src=\"https:\/\/www.estudioben.com\/web\/wp-content\/uploads\/2020\/06\/carteleria2-300x300.jpg\" class=\"attachment-medium size-medium wp-image-318\" alt=\"\" srcset=\"https:\/\/www.estudioben.com\/web\/wp-content\/uploads\/2020\/06\/carteleria2-300x300.jpg 300w, https:\/\/www.estudioben.com\/web\/wp-content\/uploads\/2020\/06\/carteleria2-100x100.jpg 100w, https:\/\/www.estudioben.com\/web\/wp-content\/uploads\/2020\/06\/carteleria2-150x150.jpg 150w, https:\/\/www.estudioben.com\/web\/wp-content\/uploads\/2020\/06\/carteleria2.jpg 400w\" sizes=\"(max-width: 300px) 100vw, 300px\" \/>\t\t\t\t\t\t\t\t<\/a>\n\t\t\t\t\t\t\t\t\t\t\t\t\t\t\t<\/div>\n\t\t\t\t<\/div>\n\t\t\t\t<div class=\"elementor-element elementor-element-bee82a4 elementor-align-center elementor-mobile-align-justify elementor-button-info info elementor-widget elementor-widget-button\" data-id=\"bee82a4\" data-element_type=\"widget\" data-e-type=\"widget\" data-widget_type=\"button.default\">\n\t\t\t\t<div class=\"elementor-widget-container\">\n\t\t\t\t\t\t\t\t\t<div class=\"elementor-button-wrapper\">\n\t\t\t\t\t<a class=\"elementor-button elementor-button-link elementor-size-md elementor-animation-push\" href=\"https:\/\/www.estudioben.com\/web\/carteleria\/\" id=\"inf\">\n\t\t\t\t\t\t<span class=\"elementor-button-content-wrapper\">\n\t\t\t\t\t\t\t\t\t<span class=\"elementor-button-text\">Carteler\u00eda<\/span>\n\t\t\t\t\t<\/span>\n\t\t\t\t\t<\/a>\n\t\t\t\t<\/div>\n\t\t\t\t\t\t\t\t<\/div>\n\t\t\t\t<\/div>\n\t\t\t\t<div class=\"elementor-element elementor-element-7676ef52 elementor-align-center elementor-widget elementor-widget-button\" data-id=\"7676ef52\" data-element_type=\"widget\" data-e-type=\"widget\" data-widget_type=\"button.default\">\n\t\t\t\t<div class=\"elementor-widget-container\">\n\t\t\t\t\t\t\t\t\t<div class=\"elementor-button-wrapper\">\n\t\t\t\t\t<a class=\"elementor-button elementor-button-link elementor-size-sm\" href=\"https:\/\/www.estudioben.com\/web\/carteleria\/\">\n\t\t\t\t\t\t<span class=\"elementor-button-content-wrapper\">\n\t\t\t\t\t\t\t\t\t<span class=\"elementor-button-text\">+ info<\/span>\n\t\t\t\t\t<\/span>\n\t\t\t\t\t<\/a>\n\t\t\t\t<\/div>\n\t\t\t\t\t\t\t\t<\/div>\n\t\t\t\t<\/div>\n\t\t\t\t\t<\/div>\n\t\t<\/div>\n\t\t\t\t<div class=\"elementor-column elementor-col-33 elementor-inner-column elementor-element elementor-element-74168e6d\" data-id=\"74168e6d\" data-element_type=\"column\" data-e-type=\"column\">\n\t\t\t<div class=\"elementor-widget-wrap elementor-element-populated\">\n\t\t\t\t\t\t<div class=\"elementor-element elementor-element-783c1e1b elementor-widget elementor-widget-image\" data-id=\"783c1e1b\" data-element_type=\"widget\" data-e-type=\"widget\" data-widget_type=\"image.default\">\n\t\t\t\t<div class=\"elementor-widget-container\">\n\t\t\t\t\t\t\t\t\t\t\t\t\t\t\t\t<a href=\"https:\/\/www.estudioben.com\/web\/impresion\">\n\t\t\t\t\t\t\t<img decoding=\"async\" width=\"300\" height=\"300\" src=\"https:\/\/www.estudioben.com\/web\/wp-content\/uploads\/2020\/06\/impresion-300x300.jpg\" class=\"attachment-medium size-medium wp-image-319\" alt=\"\" srcset=\"https:\/\/www.estudioben.com\/web\/wp-content\/uploads\/2020\/06\/impresion-300x300.jpg 300w, https:\/\/www.estudioben.com\/web\/wp-content\/uploads\/2020\/06\/impresion-100x100.jpg 100w, https:\/\/www.estudioben.com\/web\/wp-content\/uploads\/2020\/06\/impresion-150x150.jpg 150w, https:\/\/www.estudioben.com\/web\/wp-content\/uploads\/2020\/06\/impresion.jpg 400w\" sizes=\"(max-width: 300px) 100vw, 300px\" \/>\t\t\t\t\t\t\t\t<\/a>\n\t\t\t\t\t\t\t\t\t\t\t\t\t\t\t<\/div>\n\t\t\t\t<\/div>\n\t\t\t\t<div class=\"elementor-element elementor-element-c681b69 elementor-align-center elementor-mobile-align-justify elementor-button-info info elementor-widget elementor-widget-button\" data-id=\"c681b69\" data-element_type=\"widget\" data-e-type=\"widget\" data-widget_type=\"button.default\">\n\t\t\t\t<div class=\"elementor-widget-container\">\n\t\t\t\t\t\t\t\t\t<div class=\"elementor-button-wrapper\">\n\t\t\t\t\t<a class=\"elementor-button elementor-button-link elementor-size-md elementor-animation-push\" href=\"https:\/\/www.estudioben.com\/web\/impresiona\/\" id=\"inf\">\n\t\t\t\t\t\t<span class=\"elementor-button-content-wrapper\">\n\t\t\t\t\t\t\t\t\t<span class=\"elementor-button-text\">Impresi\u00f3n<\/span>\n\t\t\t\t\t<\/span>\n\t\t\t\t\t<\/a>\n\t\t\t\t<\/div>\n\t\t\t\t\t\t\t\t<\/div>\n\t\t\t\t<\/div>\n\t\t\t\t<div class=\"elementor-element elementor-element-221cdfa elementor-align-center elementor-widget elementor-widget-button\" data-id=\"221cdfa\" data-element_type=\"widget\" data-e-type=\"widget\" data-widget_type=\"button.default\">\n\t\t\t\t<div class=\"elementor-widget-container\">\n\t\t\t\t\t\t\t\t\t<div class=\"elementor-button-wrapper\">\n\t\t\t\t\t<a class=\"elementor-button elementor-button-link elementor-size-sm\" href=\"https:\/\/www.estudioben.com\/web\/impresion\/\">\n\t\t\t\t\t\t<span class=\"elementor-button-content-wrapper\">\n\t\t\t\t\t\t\t\t\t<span class=\"elementor-button-text\">+ info<\/span>\n\t\t\t\t\t<\/span>\n\t\t\t\t\t<\/a>\n\t\t\t\t<\/div>\n\t\t\t\t\t\t\t\t<\/div>\n\t\t\t\t<\/div>\n\t\t\t\t\t<\/div>\n\t\t<\/div>\n\t\t\t\t<div class=\"elementor-column elementor-col-33 elementor-inner-column elementor-element elementor-element-fdff04e\" data-id=\"fdff04e\" data-element_type=\"column\" data-e-type=\"column\">\n\t\t\t<div class=\"elementor-widget-wrap elementor-element-populated\">\n\t\t\t\t\t\t<div class=\"elementor-element elementor-element-245fbcb8 elementor-widget elementor-widget-image\" data-id=\"245fbcb8\" data-element_type=\"widget\" data-e-type=\"widget\" data-widget_type=\"image.default\">\n\t\t\t\t<div class=\"elementor-widget-container\">\n\t\t\t\t\t\t\t\t\t\t\t\t\t\t\t\t<a href=\"https:\/\/www.estudioben.com\/web\/carteleria\">\n\t\t\t\t\t\t\t<img decoding=\"async\" width=\"300\" height=\"300\" src=\"https:\/\/www.estudioben.com\/web\/wp-content\/uploads\/2020\/06\/ploteo-300x300.jpg\" class=\"attachment-medium size-medium wp-image-324\" alt=\"\" srcset=\"https:\/\/www.estudioben.com\/web\/wp-content\/uploads\/2020\/06\/ploteo-300x300.jpg 300w, https:\/\/www.estudioben.com\/web\/wp-content\/uploads\/2020\/06\/ploteo-100x100.jpg 100w, https:\/\/www.estudioben.com\/web\/wp-content\/uploads\/2020\/06\/ploteo-150x150.jpg 150w, https:\/\/www.estudioben.com\/web\/wp-content\/uploads\/2020\/06\/ploteo.jpg 400w\" sizes=\"(max-width: 300px) 100vw, 300px\" \/>\t\t\t\t\t\t\t\t<\/a>\n\t\t\t\t\t\t\t\t\t\t\t\t\t\t\t<\/div>\n\t\t\t\t<\/div>\n\t\t\t\t<div class=\"elementor-element elementor-element-2770d81b elementor-align-center elementor-mobile-align-justify elementor-button-info info elementor-widget elementor-widget-button\" data-id=\"2770d81b\" data-element_type=\"widget\" data-e-type=\"widget\" data-widget_type=\"button.default\">\n\t\t\t\t<div class=\"elementor-widget-container\">\n\t\t\t\t\t\t\t\t\t<div class=\"elementor-button-wrapper\">\n\t\t\t\t\t<a class=\"elementor-button elementor-button-link elementor-size-md elementor-animation-push\" href=\"https:\/\/www.estudioben.com\/web\/neve-creative-portfolio-single\/\" id=\"inf\">\n\t\t\t\t\t\t<span class=\"elementor-button-content-wrapper\">\n\t\t\t\t\t\t\t\t\t<span class=\"elementor-button-text\">Ploteo<\/span>\n\t\t\t\t\t<\/span>\n\t\t\t\t\t<\/a>\n\t\t\t\t<\/div>\n\t\t\t\t\t\t\t\t<\/div>\n\t\t\t\t<\/div>\n\t\t\t\t<div class=\"elementor-element elementor-element-7dc091ba elementor-align-center elementor-widget elementor-widget-button\" data-id=\"7dc091ba\" data-element_type=\"widget\" data-e-type=\"widget\" data-widget_type=\"button.default\">\n\t\t\t\t<div class=\"elementor-widget-container\">\n\t\t\t\t\t\t\t\t\t<div class=\"elementor-button-wrapper\">\n\t\t\t\t\t<a class=\"elementor-button elementor-button-link elementor-size-sm\" href=\"#\">\n\t\t\t\t\t\t<span class=\"elementor-button-content-wrapper\">\n\t\t\t\t\t\t\t\t\t<span class=\"elementor-button-text\">+ info<\/span>\n\t\t\t\t\t<\/span>\n\t\t\t\t\t<\/a>\n\t\t\t\t<\/div>\n\t\t\t\t\t\t\t\t<\/div>\n\t\t\t\t<\/div>\n\t\t\t\t\t<\/div>\n\t\t<\/div>\n\t\t\t\t\t<\/div>\n\t\t<\/section>\n\t\t\t\t<section class=\"elementor-section elementor-inner-section elementor-element elementor-element-1a3b5655 elementor-section-boxed elementor-section-height-default elementor-section-height-default\" data-id=\"1a3b5655\" data-element_type=\"section\" data-e-type=\"section\">\n\t\t\t\t\t\t<div class=\"elementor-container elementor-column-gap-default\">\n\t\t\t\t\t<div class=\"elementor-column elementor-col-33 elementor-inner-column elementor-element elementor-element-1849d929\" data-id=\"1849d929\" data-element_type=\"column\" data-e-type=\"column\">\n\t\t\t<div class=\"elementor-widget-wrap elementor-element-populated\">\n\t\t\t\t\t\t<div class=\"elementor-element elementor-element-adc4a40 elementor-widget elementor-widget-image\" data-id=\"adc4a40\" data-element_type=\"widget\" data-e-type=\"widget\" data-widget_type=\"image.default\">\n\t\t\t\t<div class=\"elementor-widget-container\">\n\t\t\t\t\t\t\t\t\t\t\t\t\t\t\t<img loading=\"lazy\" decoding=\"async\" width=\"300\" height=\"300\" src=\"https:\/\/www.estudioben.com\/web\/wp-content\/uploads\/2020\/07\/carteleria4-300x300.jpg\" class=\"attachment-medium size-medium wp-image-437\" alt=\"\" srcset=\"https:\/\/www.estudioben.com\/web\/wp-content\/uploads\/2020\/07\/carteleria4-300x300.jpg 300w, https:\/\/www.estudioben.com\/web\/wp-content\/uploads\/2020\/07\/carteleria4-100x100.jpg 100w, https:\/\/www.estudioben.com\/web\/wp-content\/uploads\/2020\/07\/carteleria4-150x150.jpg 150w, https:\/\/www.estudioben.com\/web\/wp-content\/uploads\/2020\/07\/carteleria4.jpg 400w\" sizes=\"(max-width: 300px) 100vw, 300px\" \/>\t\t\t\t\t\t\t\t\t\t\t\t\t\t\t<\/div>\n\t\t\t\t<\/div>\n\t\t\t\t<div class=\"elementor-element elementor-element-262210c7 elementor-align-center elementor-mobile-align-justify elementor-button-info info elementor-widget elementor-widget-button\" data-id=\"262210c7\" data-element_type=\"widget\" data-e-type=\"widget\" data-widget_type=\"button.default\">\n\t\t\t\t<div class=\"elementor-widget-container\">\n\t\t\t\t\t\t\t\t\t<div class=\"elementor-button-wrapper\">\n\t\t\t\t\t<a class=\"elementor-button elementor-button-link elementor-size-md elementor-animation-push\" href=\"https:\/\/www.estudioben.com\/web\/neve-creative-portfolio-single\/\" id=\"inf\">\n\t\t\t\t\t\t<span class=\"elementor-button-content-wrapper\">\n\t\t\t\t\t\t\t\t\t<span class=\"elementor-button-text\">Locales - Eventos<\/span>\n\t\t\t\t\t<\/span>\n\t\t\t\t\t<\/a>\n\t\t\t\t<\/div>\n\t\t\t\t\t\t\t\t<\/div>\n\t\t\t\t<\/div>\n\t\t\t\t\t<\/div>\n\t\t<\/div>\n\t\t\t\t<div class=\"elementor-column elementor-col-33 elementor-inner-column elementor-element elementor-element-3dc0974f\" data-id=\"3dc0974f\" data-element_type=\"column\" data-e-type=\"column\">\n\t\t\t<div class=\"elementor-widget-wrap elementor-element-populated\">\n\t\t\t\t\t\t<div class=\"elementor-element elementor-element-64896da6 elementor-widget elementor-widget-image\" data-id=\"64896da6\" data-element_type=\"widget\" data-e-type=\"widget\" data-widget_type=\"image.default\">\n\t\t\t\t<div class=\"elementor-widget-container\">\n\t\t\t\t\t\t\t\t\t\t\t\t\t\t\t<img loading=\"lazy\" decoding=\"async\" width=\"300\" height=\"300\" src=\"https:\/\/www.estudioben.com\/web\/wp-content\/uploads\/2020\/09\/servicios_pespecialesBn-1-300x300.jpg\" class=\"attachment-medium size-medium wp-image-467\" alt=\"\" srcset=\"https:\/\/www.estudioben.com\/web\/wp-content\/uploads\/2020\/09\/servicios_pespecialesBn-1-300x300.jpg 300w, https:\/\/www.estudioben.com\/web\/wp-content\/uploads\/2020\/09\/servicios_pespecialesBn-1-100x100.jpg 100w, https:\/\/www.estudioben.com\/web\/wp-content\/uploads\/2020\/09\/servicios_pespecialesBn-1-150x150.jpg 150w, https:\/\/www.estudioben.com\/web\/wp-content\/uploads\/2020\/09\/servicios_pespecialesBn-1.jpg 400w\" sizes=\"(max-width: 300px) 100vw, 300px\" \/>\t\t\t\t\t\t\t\t\t\t\t\t\t\t\t<\/div>\n\t\t\t\t<\/div>\n\t\t\t\t<div class=\"elementor-element elementor-element-757cd65c elementor-align-center elementor-mobile-align-justify elementor-button-info info elementor-widget elementor-widget-button\" data-id=\"757cd65c\" data-element_type=\"widget\" data-e-type=\"widget\" data-widget_type=\"button.default\">\n\t\t\t\t<div class=\"elementor-widget-container\">\n\t\t\t\t\t\t\t\t\t<div class=\"elementor-button-wrapper\">\n\t\t\t\t\t<a class=\"elementor-button elementor-button-link elementor-size-md elementor-animation-push\" href=\"https:\/\/www.estudioben.com\/web\/neve-creative-portfolio-single\/\" id=\"inf\">\n\t\t\t\t\t\t<span class=\"elementor-button-content-wrapper\">\n\t\t\t\t\t\t\t\t\t<span class=\"elementor-button-text\">Proyectos Especiales<\/span>\n\t\t\t\t\t<\/span>\n\t\t\t\t\t<\/a>\n\t\t\t\t<\/div>\n\t\t\t\t\t\t\t\t<\/div>\n\t\t\t\t<\/div>\n\t\t\t\t\t<\/div>\n\t\t<\/div>\n\t\t\t\t<div class=\"elementor-column elementor-col-33 elementor-inner-column elementor-element elementor-element-358622f\" data-id=\"358622f\" data-element_type=\"column\" data-e-type=\"column\">\n\t\t\t<div class=\"elementor-widget-wrap elementor-element-populated\">\n\t\t\t\t\t\t<div class=\"elementor-element elementor-element-4cc76e8a elementor-widget elementor-widget-image\" data-id=\"4cc76e8a\" data-element_type=\"widget\" data-e-type=\"widget\" data-widget_type=\"image.default\">\n\t\t\t\t<div class=\"elementor-widget-container\">\n\t\t\t\t\t\t\t\t\t\t\t\t\t\t\t<img loading=\"lazy\" decoding=\"async\" width=\"300\" height=\"300\" src=\"https:\/\/www.estudioben.com\/web\/wp-content\/uploads\/2019\/08\/neve-creative-portfolio-15-1.jpg\" class=\"attachment-medium size-medium wp-image-73\" alt=\"\" srcset=\"https:\/\/www.estudioben.com\/web\/wp-content\/uploads\/2019\/08\/neve-creative-portfolio-15-1.jpg 400w, https:\/\/www.estudioben.com\/web\/wp-content\/uploads\/2019\/08\/neve-creative-portfolio-15-1-300x300.jpg 300w, https:\/\/www.estudioben.com\/web\/wp-content\/uploads\/2019\/08\/neve-creative-portfolio-15-1-100x100.jpg 100w\" sizes=\"(max-width: 300px) 100vw, 300px\" \/>\t\t\t\t\t\t\t\t\t\t\t\t\t\t\t<\/div>\n\t\t\t\t<\/div>\n\t\t\t\t<div class=\"elementor-element elementor-element-41860503 elementor-align-center elementor-mobile-align-justify elementor-button-info info elementor-widget elementor-widget-button\" data-id=\"41860503\" data-element_type=\"widget\" data-e-type=\"widget\" data-widget_type=\"button.default\">\n\t\t\t\t<div class=\"elementor-widget-container\">\n\t\t\t\t\t\t\t\t\t<div class=\"elementor-button-wrapper\">\n\t\t\t\t\t<a class=\"elementor-button elementor-button-link elementor-size-md elementor-animation-push\" href=\"https:\/\/www.estudioben.com\/web\/neve-creative-portfolio-single\/\" id=\"inf\">\n\t\t\t\t\t\t<span class=\"elementor-button-content-wrapper\">\n\t\t\t\t\t\t\t\t\t<span class=\"elementor-button-text\">Dise\u00f1o<\/span>\n\t\t\t\t\t<\/span>\n\t\t\t\t\t<\/a>\n\t\t\t\t<\/div>\n\t\t\t\t\t\t\t\t<\/div>\n\t\t\t\t<\/div>\n\t\t\t\t\t<\/div>\n\t\t<\/div>\n\t\t\t\t\t<\/div>\n\t\t<\/section>\n\t\t\t\t<\/div>\n\t\t","protected":false},"excerpt":{"rendered":"<p>Carteler\u00eda + info Impresi\u00f3n + info Ploteo + info Locales &#8211; Eventos Proyectos Especiales Dise\u00f1o<\/p>\n","protected":false},"author":1,"featured_media":0,"parent":0,"menu_order":0,"comment_status":"closed","ping_status":"closed","template":"","meta":{"_seopress_robots_primary_cat":"","_seopress_titles_title":"","_seopress_titles_desc":"","_seopress_robots_index":"","footnotes":""},"class_list":["post-1394","page","type-page","status-publish","hentry"],"jetpack_sharing_enabled":true,"_links":{"self":[{"href":"https:\/\/www.estudioben.com\/web\/wp-json\/wp\/v2\/pages\/1394","targetHints":{"allow":["GET"]}}],"collection":[{"href":"https:\/\/www.estudioben.com\/web\/wp-json\/wp\/v2\/pages"}],"about":[{"href":"https:\/\/www.estudioben.com\/web\/wp-json\/wp\/v2\/types\/page"}],"author":[{"embeddable":true,"href":"https:\/\/www.estudioben.com\/web\/wp-json\/wp\/v2\/users\/1"}],"replies":[{"embeddable":true,"href":"https:\/\/www.estudioben.com\/web\/wp-json\/wp\/v2\/comments?post=1394"}],"version-history":[{"count":18,"href":"https:\/\/www.estudioben.com\/web\/wp-json\/wp\/v2\/pages\/1394\/revisions"}],"predecessor-version":[{"id":1443,"href":"https:\/\/www.estudioben.com\/web\/wp-json\/wp\/v2\/pages\/1394\/revisions\/1443"}],"wp:attachment":[{"href":"https:\/\/www.estudioben.com\/web\/wp-json\/wp\/v2\/media?parent=1394"}],"curies":[{"name":"wp","href":"https:\/\/api.w.org\/{rel}","templated":true}]}}